{"id":10928,"date":"2021-10-04T12:59:20","date_gmt":"2021-10-04T10:59:20","guid":{"rendered":"https:\/\/shop.golf-direkt.com\/?post_type=product&#038;p=10928"},"modified":"2026-04-27T16:05:19","modified_gmt":"2026-04-27T14:05:19","slug":"greenfee-leading-golfcourse-velden-koestenberg","status":"publish","type":"product","link":"https:\/\/shop.golf-direkt.com\/en\/shop\/get-your-greenfee-en\/greenfee-leading-golfcourse-velden-koestenberg\/","title":{"rendered":"2 x Greenfee + Golfcart Golfclub Velden-W\u00f6rthersee"},"content":{"rendered":"<p>Genie\u00dfen Sie das Privileg, auf einer Golfanlage zu spielen, welche landschaftlich und spielerisch gleichsam herausragend ist und weit \u00fcber den Golfclub hinaus f\u00fcr seine hervorragende Platzpflege anerkannt ist!<\/p>\n<p>Website: <a href=\"https:\/\/www.golfvelden.at\/\">www.golfvelden.at<\/a><\/p>\n<p>GCV Betriebsgesellschaft m.b.H.<br \/>\nGolfweg 41<br \/>\n9231 K\u00f6stenberg<br \/>\nTelefon: <a href=\"tel:004342747045\">+43 4274 7045<\/a><br \/>\nE-Mail: <a href=\"mailto:office@golfvelden.at\">office@golfvelden.at<\/a><\/p>\n","protected":false},"excerpt":{"rendered":"<p>2 x Greenfee f\u00fcr Leading Golfcourse Velden-K\u00f6stenberg (K\u00e4rnten) + 1 x Golfcart-Leihe, 18 Loch; einl\u00f6sbar 2 Jahre ab Kaufdatum.<\/p>\n","protected":false},"featured_media":20325,"template":"","meta":[],"product_brand":[],"product_cat":[58],"product_tag":[128,129,131,437,574],"class_list":{"0":"post-10928","1":"product","2":"type-product","3":"status-publish","4":"has-post-thumbnail","6":"product_cat-greenfee","7":"product_tag-greenfee","8":"product_tag-golfclub","9":"product_tag-greenfeegutschein","10":"product_tag-kaernten","11":"product_tag-oesterreich","13":"first","14":"instock","15":"sale","16":"virtual","17":"purchasable","18":"product-type-simple"},"bundled_by":[],"bundle_stock_status":"instock","bundle_stock_quantity":5,"bundle_virtual":false,"bundle_layout":"","bundle_add_to_cart_form_location":"","bundle_editable_in_cart":false,"bundle_sold_individually_context":"","bundle_item_grouping":"","bundle_min_size":"","bundle_max_size":"","bundle_price":[],"bundled_items":[],"bundle_sell_ids":[],"exclude_global_add_ons":[],"addons":[],"_links":{"self":[{"href":"https:\/\/shop.golf-direkt.com\/en\/wp-json\/wp\/v2\/product\/10928","targetHints":{"allow":["GET"]}}],"collection":[{"href":"https:\/\/shop.golf-direkt.com\/en\/wp-json\/wp\/v2\/product"}],"about":[{"href":"https:\/\/shop.golf-direkt.com\/en\/wp-json\/wp\/v2\/types\/product"}],"wp:featuredmedia":[{"embeddable":true,"href":"https:\/\/shop.golf-direkt.com\/en\/wp-json\/wp\/v2\/media\/20325"}],"wp:attachment":[{"href":"https:\/\/shop.golf-direkt.com\/en\/wp-json\/wp\/v2\/media?parent=10928"}],"wp:term":[{"taxonomy":"product_brand","embeddable":true,"href":"https:\/\/shop.golf-direkt.com\/en\/wp-json\/wp\/v2\/product_brand?post=10928"},{"taxonomy":"product_cat","embeddable":true,"href":"https:\/\/shop.golf-direkt.com\/en\/wp-json\/wp\/v2\/product_cat?post=10928"},{"taxonomy":"product_tag","embeddable":true,"href":"https:\/\/shop.golf-direkt.com\/en\/wp-json\/wp\/v2\/product_tag?post=10928"}],"curies":[{"name":"wp","href":"https:\/\/api.w.org\/{rel}","templated":true}]}}