{"id":14144,"date":"2023-04-24T16:11:38","date_gmt":"2023-04-24T14:11:38","guid":{"rendered":"https:\/\/shop.golf-direkt.com\/?post_type=product&#038;p=14144"},"modified":"2026-05-05T22:00:52","modified_gmt":"2026-05-05T20:00:52","slug":"handschuh-herren-callaway-weather-spann-2-pack","status":"publish","type":"product","link":"https:\/\/shop.golf-direkt.com\/en\/shop\/hardware-en\/accessories-en\/handschuh-herren-callaway-weather-spann-2-pack\/","title":{"rendered":"Handschuh Callaway Weather Spann Herren (2-Pack)"},"content":{"rendered":"<p>Der FUSETECH\u2122 Synthetikstoff kombiniert mit passend platziertem Leder und L\u00fcftungs\u00f6ffnungen bietet Komfort, Gef\u00fchl, guten Sitz und Strapazierf\u00e4higkeit. 2 St\u00fcck Packung f\u00fcr Rechtsh\u00e4nder (= linker Handschuh) erh\u00e4ltlich in verschiedenen Gr\u00f6\u00dfen (Herren\/Men&#8217;s), Farbe: Wei\u00df mit schwarzen Akzenten.<\/p>\n<ul>\n<li>Proprietary FUSETECH\u2122 Premium Synthetic \u2013 Comfort, Flexibility and Increased Durability<\/li>\n<li>Leather Palm and Thumb &#8211; Improved Feel &amp; Durability in key wear areas<\/li>\n<li>Micro-ventilation on Palm, Thumb, Closure and Fingers \u2013 Added Comfort, Moisture Wicking and Breathability<\/li>\n<\/ul>\n","protected":false},"excerpt":{"rendered":"<p>Der FUSETECH\u2122 Synthetikstoff kombiniert mit passend platziertem Leder und L\u00fcftungs\u00f6ffnungen bietet Komfort, Gef\u00fchl, guten Sitz und Strapazierf\u00e4higkeit. 2 St\u00fcck Packung f\u00fcr Rechtsh\u00e4nder (= linker Handschuh) erh\u00e4ltlich in verschiedenen Gr\u00f6\u00dfen (Herren\/Men&#8217;s), Farbe: Wei\u00df mit schwarzen Akzenten.<\/p>\n","protected":false},"featured_media":14145,"template":"","meta":[],"product_brand":[],"product_cat":[68,76],"product_tag":[547,600],"class_list":{"0":"post-14144","1":"product","2":"type-product","3":"status-publish","4":"has-post-thumbnail","6":"product_cat-bestof","7":"product_cat-zubehoer","8":"product_tag-callaway","9":"product_tag-handschuh","10":"product_shipping_class-versandtasche-leicht","11":"pa_groesse-bekleidung-1-groesse-l","12":"pa_groesse-bekleidung-1-groesse-m-l","13":"pa_groesse-bekleidung-1-groesse-m","15":"first","16":"instock","17":"sale","18":"shipping-taxable","19":"purchasable","20":"product-type-variable"},"bundled_by":[],"bundle_stock_status":"instock","bundle_stock_quantity":null,"bundle_virtual":false,"bundle_layout":"","bundle_add_to_cart_form_location":"","bundle_editable_in_cart":false,"bundle_sold_individually_context":"","bundle_item_grouping":"","bundle_min_size":"","bundle_max_size":"","bundle_price":[],"bundled_items":[],"bundle_sell_ids":[],"exclude_global_add_ons":[],"addons":[],"_links":{"self":[{"href":"https:\/\/shop.golf-direkt.com\/en\/wp-json\/wp\/v2\/product\/14144","targetHints":{"allow":["GET"]}}],"collection":[{"href":"https:\/\/shop.golf-direkt.com\/en\/wp-json\/wp\/v2\/product"}],"about":[{"href":"https:\/\/shop.golf-direkt.com\/en\/wp-json\/wp\/v2\/types\/product"}],"wp:featuredmedia":[{"embeddable":true,"href":"https:\/\/shop.golf-direkt.com\/en\/wp-json\/wp\/v2\/media\/14145"}],"wp:attachment":[{"href":"https:\/\/shop.golf-direkt.com\/en\/wp-json\/wp\/v2\/media?parent=14144"}],"wp:term":[{"taxonomy":"product_brand","embeddable":true,"href":"https:\/\/shop.golf-direkt.com\/en\/wp-json\/wp\/v2\/product_brand?post=14144"},{"taxonomy":"product_cat","embeddable":true,"href":"https:\/\/shop.golf-direkt.com\/en\/wp-json\/wp\/v2\/product_cat?post=14144"},{"taxonomy":"product_tag","embeddable":true,"href":"https:\/\/shop.golf-direkt.com\/en\/wp-json\/wp\/v2\/product_tag?post=14144"}],"curies":[{"name":"wp","href":"https:\/\/api.w.org\/{rel}","templated":true}]}}