{"id":15643,"date":"2023-11-29T11:10:21","date_gmt":"2023-11-29T10:10:21","guid":{"rendered":"https:\/\/shop.golf-direkt.com\/?post_type=product&#038;p=15643"},"modified":"2026-02-10T07:33:19","modified_gmt":"2026-02-10T06:33:19","slug":"callaway-rogue-st-max-iron-set-os-lite-herren","status":"publish","type":"product","link":"https:\/\/shop.golf-direkt.com\/en\/shop\/hardware-en\/schlaeger-en\/callaway-rogue-st-max-iron-set-os-lite-herren\/","title":{"rendered":"Eisen-Satz Callaway Rogue ST Max OS Lite Herren"},"content":{"rendered":"<p>Rechtshand | Schaft GRAPHIT | REGULAR FLEX | Iron 6-9, PW, SW | L\u00e4nge STANDARD<\/p>\n<p>Mehr Ballgeschwindigkeit durch den brandneuen High Strength 450 A.I. Entworfene Flash Face Cup. Dies sorgt f\u00fcr mehr Ballgeschwindigkeit und eine bessere Konsistenz der Ballgeschwindigkeit.<br \/>\nNeue KI Gesichtsoptimierung f\u00fcr Geschwindigkeit, Launch und Spin.<\/p>\n<p>Wir haben unsere neue A.I. Gesichtsoptimierung f\u00fcr Rogue ST MAX OS LITE. Es ist f\u00fcr jedes Modell und jeden Loft einzigartig, eine gleichm\u00e4\u00dfige Spinrate \u00fcber die gesamte Schlagfl\u00e4che zu erzeugen. Es erzeugt einen hohen Launch und COR sowie einen kontrollierteren Landewinkel, um das Halten der Gr\u00fcns zu unterst\u00fctzen.<\/p>\n<p>Pr\u00e4zise Wolfram-Gewichtung f\u00fcr optimalen Start<\/p>\n<p>Unsere neue Pr\u00e4zisionsgewichtung aus Wolfram weist bis zu 46 g hochdichtes Wolfram auf, eine Steigerung von 188 % gegen\u00fcber MAVRIK. Es bietet verbesserte Startbedingungen und maximiert die Geschwindigkeit \u00fcber die Schlagfl\u00e4che.<\/p>\n<p>Patentierte Urethan-Mikrosph\u00e4ren f\u00fcr ein reines Gef\u00fchl<\/p>\n<p>Patentierte Urethan-Mikrokugeln werden jetzt bei Rogue ST-Eisen weiter nach oben (bis zur 6. Rille) geschoben, um den Klang zu verbessern und ein reines Gef\u00fchl zu liefern, w\u00e4hrend gleichzeitig hohe Ballgeschwindigkeiten beibehalten werden.<\/p>\n<p>Hoher Start und einfach zu schwingen<\/p>\n<p>Rogue ST MAX OS Lite-Eisen sind mit breiten Sohlen, verbessertem Offset und einer dickeren Oberkante im Vergleich zu Rogue ST Max ausgestattet. Die Lite-Version bietet mehr Loft, leichtere Sch\u00e4fte und leichtere Schwunggewichte, um sie zu unserem am einfachsten zu schwingenden Modell in der Familie zu machen.<\/p>\n<p>F\u00fcr mehr Infos direkt vom Hersteller <a href=\"https:\/\/www.callawaygolf.com\/clubs\/womens\/irons%2Fcombo-sets\/irons-2022-rogue-st-max-os-lite-womens.html\" target=\"_blank\" rel=\"noopener\">klicken Sie hier<\/a><\/p>\n","protected":false},"excerpt":{"rendered":"<p>Irons Callaway Rogue ST Max OS Lite Graphite. Righthand. Set besteht aus 6 Schl\u00e4gern: Iron 6-9, Pitching Wedge (PW), Sand Wedge (SW).<\/p>\n<p>Das Rogue ST MAX OS Lite Combo Set hat eine raffinierte Formgebung zur Verbesserung des Spiels, mit hohem Launch, breiten Sohlen und verbessertem Offset. Die Lite-Version bietet mehr Loft, leichtere Sch\u00e4fte und leichtere Schwunggewichte, um sie zu unserem Rogue ST-Modell mit dem h\u00f6chsten Launch und am einfachsten zu schwingen.<\/p>\n","protected":false},"featured_media":12733,"template":"","meta":[],"product_brand":[],"product_cat":[68,72],"product_tag":[572,547],"class_list":{"0":"post-15643","1":"product","2":"type-product","3":"status-publish","4":"has-post-thumbnail","6":"product_cat-bestof","7":"product_cat-schlaeger","8":"product_tag-golfschlaeger","9":"product_tag-callaway","10":"product_shipping_class-sperrgut","12":"first","13":"instock","14":"sale","15":"shipping-taxable","16":"purchasable","17":"product-type-simple"},"bundled_by":[],"bundle_stock_status":"instock","bundle_stock_quantity":1,"bundle_virtual":false,"bundle_layout":"","bundle_add_to_cart_form_location":"","bundle_editable_in_cart":false,"bundle_sold_individually_context":"","bundle_item_grouping":"","bundle_min_size":"","bundle_max_size":"","bundle_price":[],"bundled_items":[],"bundle_sell_ids":[],"exclude_global_add_ons":[],"addons":[],"_links":{"self":[{"href":"https:\/\/shop.golf-direkt.com\/en\/wp-json\/wp\/v2\/product\/15643","targetHints":{"allow":["GET"]}}],"collection":[{"href":"https:\/\/shop.golf-direkt.com\/en\/wp-json\/wp\/v2\/product"}],"about":[{"href":"https:\/\/shop.golf-direkt.com\/en\/wp-json\/wp\/v2\/types\/product"}],"wp:featuredmedia":[{"embeddable":true,"href":"https:\/\/shop.golf-direkt.com\/en\/wp-json\/wp\/v2\/media\/12733"}],"wp:attachment":[{"href":"https:\/\/shop.golf-direkt.com\/en\/wp-json\/wp\/v2\/media?parent=15643"}],"wp:term":[{"taxonomy":"product_brand","embeddable":true,"href":"https:\/\/shop.golf-direkt.com\/en\/wp-json\/wp\/v2\/product_brand?post=15643"},{"taxonomy":"product_cat","embeddable":true,"href":"https:\/\/shop.golf-direkt.com\/en\/wp-json\/wp\/v2\/product_cat?post=15643"},{"taxonomy":"product_tag","embeddable":true,"href":"https:\/\/shop.golf-direkt.com\/en\/wp-json\/wp\/v2\/product_tag?post=15643"}],"curies":[{"name":"wp","href":"https:\/\/api.w.org\/{rel}","templated":true}]}}