{"id":20458,"date":"2025-10-27T14:22:22","date_gmt":"2025-10-27T13:22:22","guid":{"rendered":"https:\/\/shop.golf-direkt.com\/?post_type=product&#038;p=20458"},"modified":"2026-04-26T19:04:22","modified_gmt":"2026-04-26T17:04:22","slug":"leisurebreaks-2025-2027","status":"publish","type":"product","link":"https:\/\/shop.golf-direkt.com\/en\/shop\/voucher-products-en\/leisurebreaks-2025-2027\/","title":{"rendered":"LeisureBREAKS 2026-2027"},"content":{"rendered":"<p>Mit den \u201eFree-Golf-Vouchern\u201d des <strong>LeisureBREAKS Guide for Free Golf<\/strong> k\u00f6nnen Sie nach dem Prinzip <strong>\u201etwo for one\u201d <\/strong>spielen, das hei\u00dft zwei Personen spielen f\u00fcr nur ein Greenfee! Plus: Teilweise auch Erm\u00e4\u00dfigungen f\u00fcr Einzelspieler!<\/p>\n<p>G\u00fcltig bis 30. Juni 2027.<\/p>\n<p style=\"text-align: center;\"><a href=\"https:\/\/www.leisurebreaks.de\/wp-content\/uploads\/2025\/10\/GfFG_Liste-der-teilnehmenden-Golfclubs-23.-Guide_v1.2.pdf\" target=\"_blank\" rel=\"noopener\">\u00bb Sehen Sie HIER alle teilnehmenden Golfclubs (als pdf) \u00ab<\/a><\/p>\n","protected":false},"excerpt":{"rendered":"<p>LeisureBREAKS Guide for free Golf, Ausgabe g\u00fcltig bis <strong>30. Juni 2027<\/strong>.<\/p>\n","protected":false},"featured_media":20482,"template":"","meta":[],"product_brand":[],"product_cat":[60],"product_tag":[173,128,156],"class_list":{"0":"post-20458","1":"product","2":"type-product","3":"status-publish","4":"has-post-thumbnail","6":"product_cat-vorteilsprodukte","7":"product_tag-vorteilsbuch","8":"product_tag-greenfee","9":"product_tag-rabatt","10":"product_shipping_class-gratis","12":"first","13":"instock","14":"shipping-taxable","15":"purchasable","16":"product-type-simple"},"bundled_by":["20459"],"bundle_stock_status":"instock","bundle_stock_quantity":149,"bundle_virtual":false,"bundle_layout":"","bundle_add_to_cart_form_location":"","bundle_editable_in_cart":false,"bundle_sold_individually_context":"","bundle_item_grouping":"","bundle_min_size":"","bundle_max_size":"","bundle_price":[],"bundled_items":[],"bundle_sell_ids":[],"exclude_global_add_ons":[],"addons":[],"_links":{"self":[{"href":"https:\/\/shop.golf-direkt.com\/en\/wp-json\/wp\/v2\/product\/20458","targetHints":{"allow":["GET"]}}],"collection":[{"href":"https:\/\/shop.golf-direkt.com\/en\/wp-json\/wp\/v2\/product"}],"about":[{"href":"https:\/\/shop.golf-direkt.com\/en\/wp-json\/wp\/v2\/types\/product"}],"wp:featuredmedia":[{"embeddable":true,"href":"https:\/\/shop.golf-direkt.com\/en\/wp-json\/wp\/v2\/media\/20482"}],"wp:attachment":[{"href":"https:\/\/shop.golf-direkt.com\/en\/wp-json\/wp\/v2\/media?parent=20458"}],"wp:term":[{"taxonomy":"product_brand","embeddable":true,"href":"https:\/\/shop.golf-direkt.com\/en\/wp-json\/wp\/v2\/product_brand?post=20458"},{"taxonomy":"product_cat","embeddable":true,"href":"https:\/\/shop.golf-direkt.com\/en\/wp-json\/wp\/v2\/product_cat?post=20458"},{"taxonomy":"product_tag","embeddable":true,"href":"https:\/\/shop.golf-direkt.com\/en\/wp-json\/wp\/v2\/product_tag?post=20458"}],"curies":[{"name":"wp","href":"https:\/\/api.w.org\/{rel}","templated":true}]}}