{"id":21348,"date":"2026-03-30T15:26:09","date_gmt":"2026-03-30T13:26:09","guid":{"rendered":"https:\/\/shop.golf-direkt.com\/?post_type=product&#038;p=21348"},"modified":"2026-03-30T15:50:56","modified_gmt":"2026-03-30T13:50:56","slug":"cartbag-big-max-dri-lite-silencio-2","status":"publish","type":"product","link":"https:\/\/shop.golf-direkt.com\/en\/shop\/hardware-en\/bags-en\/cartbag-big-max-dri-lite-silencio-2\/","title":{"rendered":"Cartbag Big Max Dri Lite Silencio 2"},"content":{"rendered":"<p>Dieses widerstandsf\u00e4hige und leichte Cartbag kombiniert wasserabweisendes Material mit wasserdichten Rei\u00dfverschl\u00fcssen und h\u00e4lt so die Golfausr\u00fcstung bei nassem Wetter trocken. Die sch\u00fctzende Beschichtung erm\u00f6glicht eine einfache Reinigung der Taschen von Staub und Schmutz. Mit dem speziellen 14-fach Silencio Divider hat jeder einzelne Schl\u00e4ger seinen Platz und wird dort so gehalten, dass er nicht an anderen Schl\u00e4gern anst\u00f6\u00dft. Dies verhindert st\u00f6rende Ger\u00e4usche und sch\u00fctzt die Schl\u00e4ger.<\/p>\n<p>Farbe: Black (Schwarz)<\/p>\n<h3>Features und Spezifikationen:<\/h3>\n<ul>\n<li>Wasserabweisendes Material<\/li>\n<li>14-fach Teiler &#8220;Silent Organizer&#8221;<\/li>\n<li>Durchgehend getrennte Schl\u00e4ger-Steckpl\u00e4tze<\/li>\n<li>12 Taschen mit wasserdichten Rei\u00dfverschl\u00fcssen<\/li>\n<li>Separate Tasche f\u00fcr Regenh\u00fclle\/Batterie<\/li>\n<li>Regenh\u00fclle inkludiert<\/li>\n<li>XL K\u00fchltasche<\/li>\n<li>2 Regenschirmhalter<\/li>\n<li>Handtuch- und Handschuhhalter<\/li>\n<li>praktische Tragegriffe<\/li>\n<li>Top Durchmesser ca. 9,5 Zoll (24,5 cm)<\/li>\n<li>Gewicht ca. 3,7 kg<\/li>\n<\/ul>\n<p>&nbsp;<\/p>\n","protected":false},"excerpt":{"rendered":"<p>Kombiniert wasserabweisendes Material mit wasserdichten Rei\u00dfverschl\u00fcssen und h\u00e4lt so die Golfausr\u00fcstung bei nassem Wetter trocken. Farbe: Schwarz<\/p>\n","protected":false},"featured_media":21352,"template":"","meta":[],"product_brand":[],"product_cat":[66,68],"product_tag":[713,224,612],"class_list":{"0":"post-21348","1":"product","2":"type-product","3":"status-publish","4":"has-post-thumbnail","6":"product_cat-bags","7":"product_cat-bestof","8":"product_tag-bag","9":"product_tag-cartbag","10":"product_tag-big-max","11":"product_shipping_class-sperrgut","13":"first","14":"instock","15":"sale","16":"shipping-taxable","17":"purchasable","18":"product-type-simple"},"bundled_by":[],"bundle_stock_status":"instock","bundle_stock_quantity":1,"bundle_virtual":false,"bundle_layout":"","bundle_add_to_cart_form_location":"","bundle_editable_in_cart":false,"bundle_sold_individually_context":"","bundle_item_grouping":"","bundle_min_size":"","bundle_max_size":"","bundle_price":[],"bundled_items":[],"bundle_sell_ids":[],"exclude_global_add_ons":[],"addons":[],"_links":{"self":[{"href":"https:\/\/shop.golf-direkt.com\/en\/wp-json\/wp\/v2\/product\/21348","targetHints":{"allow":["GET"]}}],"collection":[{"href":"https:\/\/shop.golf-direkt.com\/en\/wp-json\/wp\/v2\/product"}],"about":[{"href":"https:\/\/shop.golf-direkt.com\/en\/wp-json\/wp\/v2\/types\/product"}],"wp:featuredmedia":[{"embeddable":true,"href":"https:\/\/shop.golf-direkt.com\/en\/wp-json\/wp\/v2\/media\/21352"}],"wp:attachment":[{"href":"https:\/\/shop.golf-direkt.com\/en\/wp-json\/wp\/v2\/media?parent=21348"}],"wp:term":[{"taxonomy":"product_brand","embeddable":true,"href":"https:\/\/shop.golf-direkt.com\/en\/wp-json\/wp\/v2\/product_brand?post=21348"},{"taxonomy":"product_cat","embeddable":true,"href":"https:\/\/shop.golf-direkt.com\/en\/wp-json\/wp\/v2\/product_cat?post=21348"},{"taxonomy":"product_tag","embeddable":true,"href":"https:\/\/shop.golf-direkt.com\/en\/wp-json\/wp\/v2\/product_tag?post=21348"}],"curies":[{"name":"wp","href":"https:\/\/api.w.org\/{rel}","templated":true}]}}