{"id":66,"date":"2025-12-01T14:30:38","date_gmt":"2025-12-01T13:30:38","guid":{"rendered":"http:\/\/localhost\/wpshop-live-1\/?post_type=product&#038;p=66"},"modified":"2026-05-07T10:56:17","modified_gmt":"2026-05-07T08:56:17","slug":"greenfee-championcourse-gc-donau","status":"publish","type":"product","link":"https:\/\/shop.golf-direkt.com\/en\/shop\/get-your-greenfee-en\/greenfee-championcourse-gc-donau\/","title":{"rendered":"Greenfee Golfclub Donau Feldkirchen 2026"},"content":{"rendered":"<p>Im Herzen des Donautals liegen die Anlagen des Golfclubs Donau \u2013 einer der sch\u00f6nsten Clubs \u00d6sterreichs. Der 18 Loch-Championship Course besticht durch aufw\u00e4ndige Bauweise und perfektes Design. Die breiten und sch\u00f6nen Fairways, nach Spielst\u00e4rke gestaffelte Abschl\u00e4ge, gepflegte Greens und gut platzierte Wasserhindernisse, nat\u00fcrliche Biotope und wenig Hard-Rough-Zonen begeistern jedes Golferherz. Neben dem spielerfreundlichen 9 Loch-Lakeside Academy Course ist hier auch eine der gro\u00dfz\u00fcgigsten \u00dcbungsanlagen Europas beheimatet und garantiert optimale und ungest\u00f6rte Lern- und Trainingsm\u00f6glichkeiten im Einzel- oder Gruppenunterricht.<\/p>\n<p>Webseite des Golfclubs: <a title=\"GC Donau\" href=\"http:\/\/www.golfclub-donau.at\/\" target=\"_blank\" rel=\"noopener noreferrer\">www.golfclub-donau.at<\/a><\/p>\n<p>Vertragspartner:<br \/>\nGolfclub Donau Freizeitresort Linz-Feldkirchen<br \/>\nGolfplatzstra\u00dfe 12<br \/>\n4101 Feldkirchen a. d. Donau<br \/>\n\u00d6sterreich<br \/>\nTel.: +43 7233 76 76<br \/>\nFax: +43 7233 76 76-4<br \/>\nE-Mail: <a href=\"mailto:office@golfclub-donau.at\" target=\"_blank\" rel=\"noopener noreferrer\">office@golfclub-donau.at<\/a><\/p>\n","protected":false},"excerpt":{"rendered":"<p>Greenfee f\u00fcr Golfclub Donau Feldkirchen (Ober\u00f6sterreich), 18 Loch; einl\u00f6sbar Saison 2026.<\/p>\n","protected":false},"featured_media":14289,"template":"","meta":[],"product_brand":[],"product_cat":[58],"product_tag":[574,128,129,131,435],"class_list":{"0":"post-66","1":"product","2":"type-product","3":"status-publish","4":"has-post-thumbnail","6":"product_cat-greenfee","7":"product_tag-oesterreich","8":"product_tag-greenfee","9":"product_tag-golfclub","10":"product_tag-greenfeegutschein","11":"product_tag-oberoesterreich","13":"first","14":"instock","15":"sale","16":"virtual","17":"purchasable","18":"product-type-simple"},"bundled_by":[],"bundle_stock_status":"instock","bundle_stock_quantity":18,"bundle_virtual":false,"bundle_layout":"","bundle_add_to_cart_form_location":"","bundle_editable_in_cart":false,"bundle_sold_individually_context":"","bundle_item_grouping":"","bundle_min_size":"","bundle_max_size":"","bundle_price":[],"bundled_items":[],"bundle_sell_ids":[],"exclude_global_add_ons":[],"addons":[],"_links":{"self":[{"href":"https:\/\/shop.golf-direkt.com\/en\/wp-json\/wp\/v2\/product\/66","targetHints":{"allow":["GET"]}}],"collection":[{"href":"https:\/\/shop.golf-direkt.com\/en\/wp-json\/wp\/v2\/product"}],"about":[{"href":"https:\/\/shop.golf-direkt.com\/en\/wp-json\/wp\/v2\/types\/product"}],"wp:featuredmedia":[{"embeddable":true,"href":"https:\/\/shop.golf-direkt.com\/en\/wp-json\/wp\/v2\/media\/14289"}],"wp:attachment":[{"href":"https:\/\/shop.golf-direkt.com\/en\/wp-json\/wp\/v2\/media?parent=66"}],"wp:term":[{"taxonomy":"product_brand","embeddable":true,"href":"https:\/\/shop.golf-direkt.com\/en\/wp-json\/wp\/v2\/product_brand?post=66"},{"taxonomy":"product_cat","embeddable":true,"href":"https:\/\/shop.golf-direkt.com\/en\/wp-json\/wp\/v2\/product_cat?post=66"},{"taxonomy":"product_tag","embeddable":true,"href":"https:\/\/shop.golf-direkt.com\/en\/wp-json\/wp\/v2\/product_tag?post=66"}],"curies":[{"name":"wp","href":"https:\/\/api.w.org\/{rel}","templated":true}]}}